{"id":2884,"date":"2024-08-29T05:21:06","date_gmt":"2024-08-29T05:21:06","guid":{"rendered":"https:\/\/apperoloil.com\/product\/apperoil-spirax-7777-diesel-additiv\/"},"modified":"2024-10-04T06:24:03","modified_gmt":"2024-10-04T06:24:03","slug":"apperoil-spirax-7777-diesel-additiv","status":"publish","type":"product","link":"https:\/\/apperoloil.com\/de\/product\/apperoil-spirax-7777-diesel-additiv\/","title":{"rendered":"Apperoil Spirax 7777 Diesel Additiv"},"content":{"rendered":"<p><strong>APPEROIL DIESEL ADDITIVE &#8211; FOR OPTIMAL ENGINE EFFICIENCY<\/strong><br \/>\nSpirax 777 ist ein Additiv f\u00fcr Dieselmotoren, das das gesamte System von der Kraftstoffzufuhr bis zum Auspuff reinigt.<br \/>\nDies sorgt im Handumdrehen f\u00fcr einen besseren und effizienteren Motorlauf sowie f\u00fcr eine l\u00e4ngere Lebensdauer Ihres Dieselmotors.<\/p>\n<p><strong>Reinigen Sie das Kraftstoffsystem.<\/strong><br \/>\nDas Dieseladditiv kann Ablagerungen in den Kraftstoffleitungen, den Einspritzd\u00fcsen und dem Brennraum l\u00f6sen. Dies hilft, die Kraftstoffeffizienz zu verbessern und die Motorleistung zu optimieren.<\/p>\n<p><strong>Schutz vor Ablagerungen.<\/strong><br \/>\nDurch die Verwendung des Dieseladditivs k\u00f6nnen Ablagerungen im Einspritzsystem und im Brennraum reduziert werden. Dies tr\u00e4gt dazu bei, die Lebensdauer des Motors zu verl\u00e4ngern, die Kraftstoffeinspritzung zu verbessern und die Verbrennung effizienter zu machen. Auch der DPF wird frei gehalten.<\/p>\n<p><strong>Wasserentfernung und Kraftstoffstabilisierung.<\/strong><br \/>\nUnser Dieseladditiv kann Wasser im Kraftstoff binden und es effektiv aus dem System entfernen. Dies ist wichtig, um Korrosion und Sch\u00e4den an den Kraftstoffkomponenten zu verhindern. Dar\u00fcber hinaus kann das Additiv dazu beitragen, den Kraftstoff zu stabilisieren und die Bildung von Ablagerungen und Verunreinigungen zu verhindern.<\/p>\n<p><strong>Verbessert die Schmierung.<\/strong><br \/>\nDurch seine Schmiereigenschaften wird der Verschlei\u00df der beweglichen Teile im Motor verringert. Dies ist besonders wichtig bei den hohen Dr\u00fccken und Temperaturen, die in Dieselmotoren auftreten. Die Molekularstruktur enth\u00e4lt 70% Reinigungsf\u00e4higkeit und 30% Schmierf\u00e4higkeit.<\/p>\n<p><strong>Anwendung und Dosierung:<\/strong><br \/>\nGeben Sie vor dem Bef\u00fcllen des Tanks die entsprechende Menge des Additivs hinzu. 200 ml reichen f\u00fcr einen Kraftstofftank von 10-60 Litern. Durch die Betankung vermischt sich der Dieselzusatz mit dem Kraftstoff und sorgt f\u00fcr einen optimalen, effizienten Motorlauf.<\/p>\n","protected":false},"excerpt":{"rendered":"<p><strong>Diesel Additive Engine Cleaner System Diesel Cleaner Kraftstoffadditiv f\u00fcr Dieselmotoren Injektoren, reinigt und schmiert &#8211; f\u00fcr eine optimale Motorleistung. <\/strong><\/p>\n<ul class=\"a-unordered-list a-vertical a-spacing-mini\">\n<li class=\"a-spacing-mini\"><span class=\"a-list-item\"><strong>Motorpflege:<\/strong> Spirax 777 ist ein Additiv f\u00fcr Dieselmotoren, das das gesamte System von der Kraftstoffzufuhr bis zum Auspuff reinigt.<br \/>\nDies sorgt im Handumdrehen f\u00fcr einen besseren und effizienteren Motorlauf sowie eine l\u00e4ngere Lebensdauer. <\/span><\/li>\n<li class=\"a-spacing-mini\"><span class=\"a-list-item\"><strong>Hohe Qualit\u00e4t:<\/strong> Deutsche Rohstoffe, kombiniert mit amerikanischer Technologie und slowenischer Fertigung, das ist unser Schl\u00fcssel zu ausgezeichneter Qualit\u00e4t.<br \/>\nMit unserem Konzept garantieren wir h\u00f6chste Qualit\u00e4t auf jeder Ebene. <\/span><\/li>\n<li class=\"a-spacing-mini\"><span class=\"a-list-item\"><strong>Motorreinigung:<\/strong> Das Dieseladditiv kann Ablagerungen in den Kraftstoffleitungen, den Einspritzd\u00fcsen und der Verbrennungskammer aufl\u00f6sen.<br \/>\nDies hilft, die Kraftstoffeffizienz zu verbessern und die Motorleistung zu optimieren. <\/span><\/li>\n<li class=\"a-spacing-mini\"><span class=\"a-list-item\"><strong>Schmierung:<\/strong> Durch seine schmierenden Eigenschaften wird der Verschlei\u00df der beweglichen Teile im Motor verringert.<br \/>\nDies ist besonders wichtig bei den hohen Dr\u00fccken und Temperaturen, die in Dieselmotoren auftreten. <\/span><\/li>\n<li class=\"a-spacing-mini\"><span class=\"a-list-item\"><strong>Viele Vorteile:<\/strong> Weitere Vorteile des Dieseladditivs sind: Korrosionsschutz, Schmierung, Schutz vor Ablagerungen, Schutz des Turboladers &amp; DPF, Emissions- und Verbrauchsoptimierung, sauberer Motorlauf.<\/span><\/li>\n<\/ul>\n<p>&nbsp;<\/p>\n","protected":false},"featured_media":2703,"comment_status":"open","ping_status":"closed","template":"","meta":{"_uag_custom_page_level_css":"","site-sidebar-layout":"default","site-content-layout":"","ast-site-content-layout":"default","site-content-style":"default","site-sidebar-style":"default","ast-global-header-display":"","ast-banner-title-visibility":"","ast-main-header-display":"","ast-hfb-above-header-display":"","ast-hfb-below-header-display":"","ast-hfb-mobile-header-display":"","site-post-title":"","ast-breadcrumbs-content":"","ast-featured-img":"","footer-sml-layout":"","theme-transparent-header-meta":"default","adv-header-id-meta":"","stick-header-meta":"","header-above-stick-meta":"","header-main-stick-meta":"","header-below-stick-meta":"","astra-migrate-meta-layouts":"set","ast-page-background-enabled":"default","ast-page-background-meta":{"desktop":{"background-color":"var(--ast-global-color-4)","background-image":"","background-repeat":"repeat","background-position":"center center","background-size":"auto","background-attachment":"scroll","background-type":"","background-media":"","overlay-type":"","overlay-color":"","overlay-opacity":"","overlay-gradient":""},"tablet":{"background-color":"","background-image":"","background-repeat":"repeat","background-position":"center center","background-size":"auto","background-attachment":"scroll","background-type":"","background-media":"","overlay-type":"","overlay-color":"","overlay-opacity":"","overlay-gradient":""},"mobile":{"background-color":"","background-image":"","background-repeat":"repeat","background-position":"center center","background-size":"auto","background-attachment":"scroll","background-type":"","background-media":"","overlay-type":"","overlay-color":"","overlay-opacity":"","overlay-gradient":""}},"ast-content-background-meta":{"desktop":{"background-color":"var(--ast-global-color-5)","background-image":"","background-repeat":"repeat","background-position":"center center","background-size":"auto","background-attachment":"scroll","background-type":"","background-media":"","overlay-type":"","overlay-color":"","overlay-opacity":"","overlay-gradient":""},"tablet":{"background-color":"var(--ast-global-color-5)","background-image":"","background-repeat":"repeat","background-position":"center center","background-size":"auto","background-attachment":"scroll","background-type":"","background-media":"","overlay-type":"","overlay-color":"","overlay-opacity":"","overlay-gradient":""},"mobile":{"background-color":"var(--ast-global-color-5)","background-image":"","background-repeat":"repeat","background-position":"center center","background-size":"auto","background-attachment":"scroll","background-type":"","background-media":"","overlay-type":"","overlay-color":"","overlay-opacity":"","overlay-gradient":""}}},"product_cat":[41],"product_tag":[],"class_list":{"0":"post-2884","1":"product","2":"type-product","3":"status-publish","4":"has-post-thumbnail","6":"product_cat-zusatzstoffe","7":"desktop-align-left","8":"tablet-align-left","9":"mobile-align-left","11":"first","12":"instock","13":"sale","14":"shipping-taxable","15":"purchasable","16":"product-type-simple"},"uagb_featured_image_src":{"full":["https:\/\/apperoloil.com\/wp-content\/uploads\/2024\/08\/DSC07344-scaled-e1724996254757.jpg",1706,1706,false],"thumbnail":["https:\/\/apperoloil.com\/wp-content\/uploads\/2024\/08\/DSC07344-scaled-e1724996254757-150x150.jpg",150,150,true],"medium":["https:\/\/apperoloil.com\/wp-content\/uploads\/2024\/08\/DSC07344-scaled-e1724996254757-300x300.jpg",300,300,true],"medium_large":["https:\/\/apperoloil.com\/wp-content\/uploads\/2024\/08\/DSC07344-scaled-e1724996254757-768x768.jpg",768,768,true],"large":["https:\/\/apperoloil.com\/wp-content\/uploads\/2024\/08\/DSC07344-scaled-e1724996254757-1024x1024.jpg",1024,1024,true],"1536x1536":["https:\/\/apperoloil.com\/wp-content\/uploads\/2024\/08\/DSC07344-scaled-e1724996254757-1536x1536.jpg",1536,1536,true],"2048x2048":["https:\/\/apperoloil.com\/wp-content\/uploads\/2024\/08\/DSC07344-1366x2048.jpg",1366,2048,true],"woocommerce_thumbnail":["https:\/\/apperoloil.com\/wp-content\/uploads\/2024\/08\/DSC07344-scaled-e1724996254757-1200x1200.jpg",1200,1200,true],"woocommerce_single":["https:\/\/apperoloil.com\/wp-content\/uploads\/2024\/08\/DSC07344-scaled-e1724996254757.jpg",1706,1706,false],"woocommerce_gallery_thumbnail":["https:\/\/apperoloil.com\/wp-content\/uploads\/2024\/08\/DSC07344-scaled-e1724996254757-100x100.jpg",100,100,true]},"uagb_author_info":{"display_name":"admin","author_link":"https:\/\/apperoloil.com\/de\/author\/"},"uagb_comment_info":0,"uagb_excerpt":"Diesel Additive Engine Cleaner System Diesel Cleaner Kraftstoffadditiv f\u00fcr Dieselmotoren Injektoren, reinigt und schmiert - f\u00fcr eine optimale Motorleistung. Motorpflege: Spirax 777 ist ein Additiv f\u00fcr Dieselmotoren, das das gesamte System von der Kraftstoffzufuhr bis zum Auspuff reinigt. Dies sorgt im Handumdrehen f\u00fcr einen besseren und effizienteren Motorlauf sowie eine l\u00e4ngere Lebensdauer. Hohe Qualit\u00e4t: Deutsche&hellip;","_links":{"self":[{"href":"https:\/\/apperoloil.com\/de\/wp-json\/wp\/v2\/product\/2884","targetHints":{"allow":["GET"]}}],"collection":[{"href":"https:\/\/apperoloil.com\/de\/wp-json\/wp\/v2\/product"}],"about":[{"href":"https:\/\/apperoloil.com\/de\/wp-json\/wp\/v2\/types\/product"}],"replies":[{"embeddable":true,"href":"https:\/\/apperoloil.com\/de\/wp-json\/wp\/v2\/comments?post=2884"}],"wp:featuredmedia":[{"embeddable":true,"href":"https:\/\/apperoloil.com\/de\/wp-json\/wp\/v2\/media\/2703"}],"wp:attachment":[{"href":"https:\/\/apperoloil.com\/de\/wp-json\/wp\/v2\/media?parent=2884"}],"wp:term":[{"taxonomy":"product_cat","embeddable":true,"href":"https:\/\/apperoloil.com\/de\/wp-json\/wp\/v2\/product_cat?post=2884"},{"taxonomy":"product_tag","embeddable":true,"href":"https:\/\/apperoloil.com\/de\/wp-json\/wp\/v2\/product_tag?post=2884"}],"curies":[{"name":"wp","href":"https:\/\/api.w.org\/{rel}","templated":true}]}}