{"id":2886,"date":"2024-08-29T05:21:06","date_gmt":"2024-08-29T05:21:06","guid":{"rendered":"https:\/\/apperoloil.com\/product\/apperoil-motor-woop-77-motoroel-zusatz\/"},"modified":"2024-10-04T06:26:24","modified_gmt":"2024-10-04T06:26:24","slug":"apperoil-motor-woop-77-motoroel-zusatz","status":"publish","type":"product","link":"https:\/\/apperoloil.com\/de\/product\/apperoil-motor-woop-77-motoroel-zusatz\/","title":{"rendered":"Apperoil Motor Woop 77 Motor\u00f6l-Zusatz"},"content":{"rendered":"<p><strong>APPEROIL Motor\u00f6l-Additiv &#8211; f\u00fcr eine lange Lebensdauer.<\/strong><\/p>\n<p>Das Wopp 77 Motor\u00f6ladditiv bietet eine deutliche Verbesserung des Verschlei\u00dfschutzes w\u00e4hrend der gesamten Lebensdauer des Motors. Geeignet f\u00fcr Benzin- und Dieselmotoren.<\/p>\n<p><strong>Schutz vor Abnutzung und Verschlei\u00df.<\/strong><br \/>\nUnsere Motor\u00f6ladditive enthalten Verschlei\u00dfschutzmittel, die den Metall-Metall-Kontakt reduzieren und den Verschlei\u00df der beweglichen Teile im Motor verringern. Dadurch wird die Lebensdauer des Motors verl\u00e4ngert. Engine Woop 77 bildet einen d\u00fcnnen Film auf \u00d6lbasis auf allen \u00f6ligen Teilen des Motors und verhindert ein Festfressen. Dies gew\u00e4hrleistet eine lang anhaltende Schmierung selbst bei h\u00f6heren Temperaturen von bis zu 210\u00b0C, wenn das \u00d6l kocht.<\/p>\n<p><strong>Reinigung der Motorkomponenten.<\/strong><br \/>\nDie Additive k\u00f6nnen Ablagerungen und Verunreinigungen im Motor aufl\u00f6sen und entfernen. Dies tr\u00e4gt dazu bei, den Motor sauber zu halten und Ablagerungen an Kolbenringen, Ventilen und anderen wichtigen Komponenten zu reduzieren. Eine sauberere Motorleistung kann zu einer besseren Kraftstoffeffizienz und einer l\u00e4ngeren Lebensdauer des Motors f\u00fchren.<\/p>\n<p><strong>Verbesserter Schutz unter extremen Bedingungen.<\/strong><br \/>\nIn bestimmten Situationen, wie z.B. bei hohen Temperaturen oder K\u00e4lteeinwirkung, kann das Motor\u00f6ladditiv den Schutz des Motors verst\u00e4rken. Er hilft, die Viskosit\u00e4t des \u00d6ls aufrechtzuerhalten und eine ausreichende Schmierung zu gew\u00e4hrleisten.<\/p>\n<p><strong>Kraftstoffeffizienz.<\/strong><br \/>\nDas Motoradditiv verringert die Reibung im Motor und erh\u00f6ht so die Effizienz. Durch die Verringerung der Reibung wird weniger Energie verschwendet und der Kraftstoffverbrauch kann gesenkt werden.<\/p>\n<p><strong>Anwendung und Dosierung:<\/strong><br \/>\nF\u00fcgen Sie Woop 77 Motor\u00f6ladditiv sofort nach dem Motor\u00f6lwechsel hinzu. Wir empfehlen die Anwendung einmal pro Jahr oder alle 30.000 gefahrenen Kilometer. Auf diese Weise wird Ihr Motor optimal gesch\u00fctzt.<\/p>\n","protected":false},"excerpt":{"rendered":"<p id=\"title\" class=\"a-size-large a-spacing-none\"><strong><span id=\"productTitle\" class=\"a-size-large product-title-word-break\">F\u00fcr Benzin- und Dieselmotoren, Motor\u00f6lzusatz \u00d6lzusatz Verschlei\u00dfschutz Motorschutz, beugt Verschlei\u00df vor und sorgt f\u00fcr eine lange Nutzungsdauer.<\/span><\/strong><\/p>\n<ul class=\"a-unordered-list a-vertical a-spacing-mini\">\n<li class=\"a-spacing-mini\"><span class=\"a-list-item\"><strong>L\u00e4ngere Lebensdauer:<\/strong> Das Wopp 77 Motor\u00f6ladditiv sorgt f\u00fcr eine deutliche Verbesserung des Verschlei\u00df- und Korrosionsschutzes w\u00e4hrend der gesamten Lebensdauer des Motors.<br \/>\nGeeignet f\u00fcr Benzin- und Dieselmotoren. <\/span><\/li>\n<li class=\"a-spacing-mini\"><span class=\"a-list-item\"><strong>Hohe Qualit\u00e4t:<\/strong> Deutsche Rohstoffe, kombiniert mit amerikanischer Technologie und slowenischer Fertigung, das ist unser Schl\u00fcssel zu ausgezeichneter Qualit\u00e4t.<br \/>\nMit unserem Konzept garantieren wir h\u00f6chste Qualit\u00e4t auf jeder Ebene. <\/span><\/li>\n<li class=\"a-spacing-mini\"><span class=\"a-list-item\"><strong>Verschlei\u00dfschutz:<\/strong> Unsere Motor\u00f6ladditive enthalten Verschlei\u00dfschutzmittel, die den Metall-Metall-Kontakt reduzieren und den Verschlei\u00df der beweglichen Teile im Motor verringern.<br \/>\nDies ist besonders in extremen Situationen wichtig. <\/span><\/li>\n<li class=\"a-spacing-mini\"><span class=\"a-list-item\"><strong>Mehr Effizienz:<\/strong> Das Motoradditiv reduziert die Reibung im Motor und erh\u00f6ht so die Effizienz.<br \/>\nDurch die Verringerung der Reibung wird weniger Energie verschwendet und der Kraftstoffverbrauch kann gesenkt werden. <\/span><\/li>\n<li class=\"a-spacing-mini\"><span class=\"a-list-item\">Schmierung: Engine Woop 77 bildet einen d\u00fcnnen Film auf \u00d6lbasis auf allen \u00f6ligen Teilen des Motors und verhindert ein Festfressen.<br \/>\nDies gew\u00e4hrleistet eine lang anhaltende Schmierung auch bei h\u00f6heren Temperaturen von bis zu 210\u00b0C. <\/span><\/li>\n<\/ul>\n","protected":false},"featured_media":2739,"comment_status":"open","ping_status":"closed","template":"","meta":{"_uag_custom_page_level_css":"","site-sidebar-layout":"default","site-content-layout":"","ast-site-content-layout":"default","site-content-style":"default","site-sidebar-style":"default","ast-global-header-display":"","ast-banner-title-visibility":"","ast-main-header-display":"","ast-hfb-above-header-display":"","ast-hfb-below-header-display":"","ast-hfb-mobile-header-display":"","site-post-title":"","ast-breadcrumbs-content":"","ast-featured-img":"","footer-sml-layout":"","theme-transparent-header-meta":"default","adv-header-id-meta":"","stick-header-meta":"","header-above-stick-meta":"","header-main-stick-meta":"","header-below-stick-meta":"","astra-migrate-meta-layouts":"set","ast-page-background-enabled":"default","ast-page-background-meta":{"desktop":{"background-color":"var(--ast-global-color-4)","background-image":"","background-repeat":"repeat","background-position":"center center","background-size":"auto","background-attachment":"scroll","background-type":"","background-media":"","overlay-type":"","overlay-color":"","overlay-opacity":"","overlay-gradient":""},"tablet":{"background-color":"","background-image":"","background-repeat":"repeat","background-position":"center center","background-size":"auto","background-attachment":"scroll","background-type":"","background-media":"","overlay-type":"","overlay-color":"","overlay-opacity":"","overlay-gradient":""},"mobile":{"background-color":"","background-image":"","background-repeat":"repeat","background-position":"center center","background-size":"auto","background-attachment":"scroll","background-type":"","background-media":"","overlay-type":"","overlay-color":"","overlay-opacity":"","overlay-gradient":""}},"ast-content-background-meta":{"desktop":{"background-color":"var(--ast-global-color-5)","background-image":"","background-repeat":"repeat","background-position":"center center","background-size":"auto","background-attachment":"scroll","background-type":"","background-media":"","overlay-type":"","overlay-color":"","overlay-opacity":"","overlay-gradient":""},"tablet":{"background-color":"var(--ast-global-color-5)","background-image":"","background-repeat":"repeat","background-position":"center center","background-size":"auto","background-attachment":"scroll","background-type":"","background-media":"","overlay-type":"","overlay-color":"","overlay-opacity":"","overlay-gradient":""},"mobile":{"background-color":"var(--ast-global-color-5)","background-image":"","background-repeat":"repeat","background-position":"center center","background-size":"auto","background-attachment":"scroll","background-type":"","background-media":"","overlay-type":"","overlay-color":"","overlay-opacity":"","overlay-gradient":""}}},"product_cat":[41],"product_tag":[],"class_list":{"0":"post-2886","1":"product","2":"type-product","3":"status-publish","4":"has-post-thumbnail","6":"product_cat-zusatzstoffe","7":"desktop-align-left","8":"tablet-align-left","9":"mobile-align-left","11":"first","12":"instock","13":"sale","14":"shipping-taxable","15":"purchasable","16":"product-type-simple"},"uagb_featured_image_src":{"full":["https:\/\/apperoloil.com\/wp-content\/uploads\/2024\/08\/DSC07351.jpg",2211,2211,false],"thumbnail":["https:\/\/apperoloil.com\/wp-content\/uploads\/2024\/08\/DSC07351-150x150.jpg",150,150,true],"medium":["https:\/\/apperoloil.com\/wp-content\/uploads\/2024\/08\/DSC07351-300x300.jpg",300,300,true],"medium_large":["https:\/\/apperoloil.com\/wp-content\/uploads\/2024\/08\/DSC07351-768x768.jpg",768,768,true],"large":["https:\/\/apperoloil.com\/wp-content\/uploads\/2024\/08\/DSC07351-1024x1024.jpg",1024,1024,true],"1536x1536":["https:\/\/apperoloil.com\/wp-content\/uploads\/2024\/08\/DSC07351-1536x1536.jpg",1536,1536,true],"2048x2048":["https:\/\/apperoloil.com\/wp-content\/uploads\/2024\/08\/DSC07351-2048x2048.jpg",2048,2048,true],"woocommerce_thumbnail":["https:\/\/apperoloil.com\/wp-content\/uploads\/2024\/08\/DSC07351-1200x1200.jpg",1200,1200,true],"woocommerce_single":["https:\/\/apperoloil.com\/wp-content\/uploads\/2024\/08\/DSC07351.jpg",2211,2211,false],"woocommerce_gallery_thumbnail":["https:\/\/apperoloil.com\/wp-content\/uploads\/2024\/08\/DSC07351-100x100.jpg",100,100,true]},"uagb_author_info":{"display_name":"admin","author_link":"https:\/\/apperoloil.com\/de\/author\/"},"uagb_comment_info":0,"uagb_excerpt":"F\u00fcr Benzin- und Dieselmotoren, Motor\u00f6lzusatz \u00d6lzusatz Verschlei\u00dfschutz Motorschutz, beugt Verschlei\u00df vor und sorgt f\u00fcr eine lange Nutzungsdauer. L\u00e4ngere Lebensdauer: Das Wopp 77 Motor\u00f6ladditiv sorgt f\u00fcr eine deutliche Verbesserung des Verschlei\u00df- und Korrosionsschutzes w\u00e4hrend der gesamten Lebensdauer des Motors. Geeignet f\u00fcr Benzin- und Dieselmotoren. Hohe Qualit\u00e4t: Deutsche Rohstoffe, kombiniert mit amerikanischer Technologie und slowenischer Fertigung, das&hellip;","_links":{"self":[{"href":"https:\/\/apperoloil.com\/de\/wp-json\/wp\/v2\/product\/2886","targetHints":{"allow":["GET"]}}],"collection":[{"href":"https:\/\/apperoloil.com\/de\/wp-json\/wp\/v2\/product"}],"about":[{"href":"https:\/\/apperoloil.com\/de\/wp-json\/wp\/v2\/types\/product"}],"replies":[{"embeddable":true,"href":"https:\/\/apperoloil.com\/de\/wp-json\/wp\/v2\/comments?post=2886"}],"wp:featuredmedia":[{"embeddable":true,"href":"https:\/\/apperoloil.com\/de\/wp-json\/wp\/v2\/media\/2739"}],"wp:attachment":[{"href":"https:\/\/apperoloil.com\/de\/wp-json\/wp\/v2\/media?parent=2886"}],"wp:term":[{"taxonomy":"product_cat","embeddable":true,"href":"https:\/\/apperoloil.com\/de\/wp-json\/wp\/v2\/product_cat?post=2886"},{"taxonomy":"product_tag","embeddable":true,"href":"https:\/\/apperoloil.com\/de\/wp-json\/wp\/v2\/product_tag?post=2886"}],"curies":[{"name":"wp","href":"https:\/\/api.w.org\/{rel}","templated":true}]}}