{"id":2797,"date":"2024-09-11T05:57:54","date_gmt":"2024-09-11T05:57:54","guid":{"rendered":"https:\/\/apperoloil.com\/politika-kolacica\/"},"modified":"2024-10-04T06:00:37","modified_gmt":"2024-10-04T06:00:37","slug":"politika-kolacica","status":"publish","type":"page","link":"https:\/\/apperoloil.com\/hr\/politika-kolacica\/","title":{"rendered":"Politika kola\u010di\u0107a"},"content":{"rendered":"\t\t<div data-elementor-type=\"wp-page\" data-elementor-id=\"2797\" class=\"elementor elementor-2797 elementor-2519\">\n\t\t\t\t<div class=\"elementor-element elementor-element-7931773c e-flex e-con-boxed e-con e-parent\" data-id=\"7931773c\" data-element_type=\"container\">\n\t\t\t\t\t<div class=\"e-con-inner\">\n\t\t\t\t<div class=\"elementor-element elementor-element-46da4381 elementor-widget elementor-widget-text-editor\" data-id=\"46da4381\" data-element_type=\"widget\" data-widget_type=\"text-editor.default\">\n\t\t\t\t<div class=\"elementor-widget-container\">\n\t\t\t\t\t\t\t\n<p>Ova Pravila o kola\u010di\u0107ima obja\u0161njavaju kako Apperol (&#8220;mi&#8221;, &#8220;na\u0161&#8221;, &#8220;nas&#8221;) koristi kola\u010di\u0107e i sli\u010dne tehnologije na na\u0161oj web stranici <a href=\"https:\/\/apperoloil.com\/hr\/\" target=\"_new\" rel=\"noopener\">https:\/\/apperoloil.com\/<\/a> . Nastavkom pregledavanja ili kori\u0161tenja na\u0161e web stranice pristajete na na\u0161u upotrebu kola\u010di\u0107a kako je opisano u ovim pravilima. <\/p>\n<h3>1. <strong>\u0160to su kola\u010di\u0107i?<\/strong><\/h3>\n<p>Kola\u010di\u0107i su male tekstualne datoteke koje se pohranjuju na va\u0161 ure\u0111aj (ra\u010dunalo, pametni telefon, tablet) kada posjetite web stranicu. Kola\u010di\u0107i poma\u017eu u funkcioniranju web stranica, pru\u017eaju analiti\u010dke podatke, pohranjuju va\u0161e postavke i pobolj\u0161avaju va\u0161e iskustvo pregledavanja. <\/p>\n<h3>2. <strong>Vrste kola\u010di\u0107a koje koristimo<\/strong><\/h3>\n<p>Na na\u0161oj web stranici koristimo sljede\u0107e vrste kola\u010di\u0107a:<\/p>\n<ul>\n<li>\n<p><strong>Neophodni kola\u010di\u0107i<\/strong> : Ovi su kola\u010di\u0107i nu\u017eni za ispravno funkcioniranje web stranice. Bez ovih kola\u010di\u0107a neki dijelovi na\u0161e stranice mo\u017eda ne\u0107e raditi kako treba, poput pristupa sigurnim podru\u010djima ili kori\u0161tenja ko\u0161arice za kupnju. <\/p>\n<\/li>\n<li>\n<p><strong>Kola\u010di\u0107i izvedbe<\/strong> : Ovi kola\u010di\u0107i nam poma\u017eu razumjeti kako posjetitelji stupaju u interakciju s na\u0161om web stranicom prikupljaju\u0107i informacije o posjetima stranici, vremenu provedenom na svakoj stranici i drugim podacima o kori\u0161tenju stranice. Podaci su agregirani i anonimni, \u0161to zna\u010di da vas ne identificiraju osobno. <\/p>\n<\/li>\n<li>\n<p><strong>Funkcionalni kola\u010di\u0107i<\/strong> : Ovi kola\u010di\u0107i omogu\u0107uju na\u0161oj web stranici da zapamti va\u0161e postavke i izbore, kao \u0161to je odabir jezika ili pojedinosti za prijavu, kako bi pru\u017eili personaliziranije iskustvo.<\/p>\n<\/li>\n<li>\n<p><strong>Kola\u010di\u0107i za ciljanje\/ogla\u0161avanje<\/strong> : Ovi kola\u010di\u0107i prikupljaju informacije o va\u0161im navikama pregledavanja kako bi vam prikazali oglase koji su relevantniji za va\u0161e interese. Oni tako\u0111er poma\u017eu u ograni\u010davanju broja prikaza oglasa i mjerenju u\u010dinkovitosti reklamnih kampanja. <\/p>\n<\/li>\n<\/ul>\n<h3>3. <strong>Kako koristimo kola\u010di\u0107e<\/strong><\/h3>\n<p>Koristimo kola\u010di\u0107e za:<\/p>\n<ul>\n<li>Pobolj\u0161ajte funkcionalnost web stranice i korisni\u010dko iskustvo<\/li>\n<li>Analizirajte izvedbu web stranice i pona\u0161anje posjetitelja<\/li>\n<li>Pohranite korisni\u010dke postavke i personalizirajte sadr\u017eaj<\/li>\n<li>Prika\u017eite relevantne oglase na temelju povijesti pregledavanja<\/li>\n<\/ul>\n<h3>4. <strong>Kola\u010di\u0107i tre\u0107e strane<\/strong><\/h3>\n<p>Neke kola\u010di\u0107e na na\u0161u web stranicu mogu postaviti pru\u017eatelji usluga tre\u0107ih strana, kao \u0161to su analiti\u010dke platforme (npr. Google Analytics) ili ogla\u0161iva\u010dke mre\u017ee. Te tre\u0107e strane mogu koristiti kola\u010di\u0107e za prikupljanje informacija o va\u0161im aktivnostima pregledavanja na razli\u010ditim web stranicama. <\/p>\n<p>Ne kontroliramo ove kola\u010di\u0107e tre\u0107ih strana, stoga preporu\u010dujemo da pregledate pravila o privatnosti i kola\u010di\u0107ima tih tre\u0107ih strana za vi\u0161e informacija o tome kako koriste kola\u010di\u0107e.<\/p>\n<h3>5. <strong>Kako upravljati kola\u010di\u0107ima<\/strong><\/h3>\n<p>Imate pravo prihvatiti ili odbiti kola\u010di\u0107e. Ve\u0107ina web preglednika automatski prihva\u0107a kola\u010di\u0107e, ali mo\u017eete promijeniti postavke preglednika tako da odbije kola\u010di\u0107e ako \u017eelite. Imajte na umu da onemogu\u0107avanje kola\u010di\u0107a mo\u017ee utjecati na funkcionalnost na\u0161e web stranice.  <\/p>\n<ul>\n<li>\n<p><strong>Upravljanje kola\u010di\u0107ima putem postavki preglednika<\/strong> : mo\u017eete konfigurirati svoj web preglednik da blokira kola\u010di\u0107e ili vas upozori kada se kola\u010di\u0107i \u0161alju. Svaki preglednik je druga\u010diji, stoga provjerite odjeljak za pomo\u0107 svog preglednika za upute o tome kako upravljati kola\u010di\u0107ima. <\/p>\n<\/li>\n<li>\n<p><strong>Upravljanje kola\u010di\u0107ima putem bannera pristanka<\/strong> : Kada prvi put posjetite na\u0161u web stranicu, vidjet \u0107ete banner pristanka na kola\u010di\u0107e. Putem ovog natpisa mo\u017eete odlu\u010diti ho\u0107ete li prihvatiti ili odbiti odre\u0111ene vrste kola\u010di\u0107a. Ako ne prihva\u0107ate odre\u0111ene kola\u010di\u0107e, dijelovi na\u0161e web stranice mo\u017eda ne\u0107e ispravno funkcionirati.  <\/p>\n<\/li>\n<\/ul>\n<h3>6. <strong>Podaci prikupljeni kola\u010di\u0107ima<\/strong><\/h3>\n<p>Podaci prikupljeni kola\u010di\u0107ima mogu uklju\u010divati:<\/p>\n<ul>\n<li>IP adresa<\/li>\n<li>Vrsta preglednika<\/li>\n<li>Operativni sustav<\/li>\n<li>Obrasci navigacije web stranicama<\/li>\n<li>Vrijeme provedeno na odre\u0111enim stranicama<\/li>\n<li>Linkovi kliknuti<\/li>\n<\/ul>\n<p>Kola\u010di\u0107i obi\u010dno ne sadr\u017ee osobne podatke, ali ako prikupljamo osobne podatke putem kola\u010di\u0107a, s njima \u0107emo postupati u skladu s na\u0161om <a href=\"https:\/\/apperoloil.com\/privacy-policy\/\" target=\"_new\" rel=\"noopener\">Politikom privatnosti<\/a> .<\/p>\n<h3>7. <strong>Zadr\u017eavanje kola\u010di\u0107a<\/strong><\/h3>\n<p>Trajanje u kojem kola\u010di\u0107i ostaju na va\u0161em ure\u0111aju razlikuje se ovisno o vrsti kola\u010di\u0107a:<\/p>\n<ul>\n<li>\n<p><strong>Kola\u010di\u0107i sesije<\/strong> : Ovi kola\u010di\u0107i su privremeni i bri\u0161u se kada zatvorite preglednik.<\/p>\n<\/li>\n<li>\n<p><strong>Trajni kola\u010di\u0107i<\/strong> : Ovi kola\u010di\u0107i ostaju na va\u0161em ure\u0111aju odre\u0111eno razdoblje ili dok ih ru\u010dno ne izbri\u0161ete.<\/p>\n<\/li>\n<\/ul>\n<h3>8. <strong>A\u017euriranja ovih Pravila o kola\u010di\u0107ima<\/strong><\/h3>\n<p>S vremena na vrijeme mo\u017eemo a\u017eurirati ovu Politiku kola\u010di\u0107a kako bismo odra\u017eavali promjene u na\u0161oj upotrebi kola\u010di\u0107a ili iz drugih operativnih, pravnih ili regulatornih razloga. Poti\u010demo vas da povremeno pregledate ova pravila radi eventualnih a\u017euriranja. <\/p>\n<h3>9. <strong>Kontaktirajte nas<\/strong><\/h3>\n<p>Ako imate bilo kakvih pitanja ili nedoumica u vezi s na\u0161om upotrebom kola\u010di\u0107a, obratite nam se na:<\/p>\n<p><strong>Apperol<\/strong><br> E-mail: <a rel=\"noopener\">aperolservice@gmail.com<\/a><br> Telefon: +386 6 817 3577<\/p>\t\t\t\t\t\t<\/div>\n\t\t\t\t<\/div>\n\t\t\t\t\t<\/div>\n\t\t\t\t<\/div>\n\t\t\t\t<\/div>\n\t\t","protected":false},"excerpt":{"rendered":"<p>Ova Pravila o kola\u010di\u0107ima obja\u0161njavaju kako Apperol (&#8220;mi&#8221;, &#8220;na\u0161&#8221;, &#8220;nas&#8221;) koristi kola\u010di\u0107e i sli\u010dne tehnologije na na\u0161oj web stranici https:\/\/apperoloil.com\/ . Nastavkom pregledavanja ili kori\u0161tenja na\u0161e web stranice pristajete na na\u0161u upotrebu kola\u010di\u0107a kako je opisano u ovim pravilima. 1. \u0160to su kola\u010di\u0107i? Kola\u010di\u0107i su male tekstualne datoteke koje se pohranjuju na va\u0161 ure\u0111aj (ra\u010dunalo, [&hellip;]<\/p>\n","protected":false},"author":1,"featured_media":0,"parent":0,"menu_order":0,"comment_status":"closed","ping_status":"closed","template":"","meta":{"_uag_custom_page_level_css":"","site-sidebar-layout":"default","site-content-layout":"","ast-site-content-layout":"","site-content-style":"default","site-sidebar-style":"default","ast-global-header-display":"","ast-banner-title-visibility":"","ast-main-header-display":"","ast-hfb-above-header-display":"","ast-hfb-below-header-display":"","ast-hfb-mobile-header-display":"","site-post-title":"","ast-breadcrumbs-content":"","ast-featured-img":"","footer-sml-layout":"","theme-transparent-header-meta":"","adv-header-id-meta":"","stick-header-meta":"","header-above-stick-meta":"","header-main-stick-meta":"","header-below-stick-meta":"","astra-migrate-meta-layouts":"default","ast-page-background-enabled":"default","ast-page-background-meta":{"desktop":{"background-color":"var(--ast-global-color-4)","background-image":"","background-repeat":"repeat","background-position":"center center","background-size":"auto","background-attachment":"scroll","background-type":"","background-media":"","overlay-type":"","overlay-color":"","overlay-opacity":"","overlay-gradient":""},"tablet":{"background-color":"","background-image":"","background-repeat":"repeat","background-position":"center center","background-size":"auto","background-attachment":"scroll","background-type":"","background-media":"","overlay-type":"","overlay-color":"","overlay-opacity":"","overlay-gradient":""},"mobile":{"background-color":"","background-image":"","background-repeat":"repeat","background-position":"center center","background-size":"auto","background-attachment":"scroll","background-type":"","background-media":"","overlay-type":"","overlay-color":"","overlay-opacity":"","overlay-gradient":""}},"ast-content-background-meta":{"desktop":{"background-color":"var(--ast-global-color-5)","background-image":"","background-repeat":"repeat","background-position":"center center","background-size":"auto","background-attachment":"scroll","background-type":"","background-media":"","overlay-type":"","overlay-color":"","overlay-opacity":"","overlay-gradient":""},"tablet":{"background-color":"var(--ast-global-color-5)","background-image":"","background-repeat":"repeat","background-position":"center center","background-size":"auto","background-attachment":"scroll","background-type":"","background-media":"","overlay-type":"","overlay-color":"","overlay-opacity":"","overlay-gradient":""},"mobile":{"background-color":"var(--ast-global-color-5)","background-image":"","background-repeat":"repeat","background-position":"center center","background-size":"auto","background-attachment":"scroll","background-type":"","background-media":"","overlay-type":"","overlay-color":"","overlay-opacity":"","overlay-gradient":""}},"footnotes":""},"class_list":["post-2797","page","type-page","status-publish","hentry"],"uagb_featured_image_src":{"full":false,"thumbnail":false,"medium":false,"medium_large":false,"large":false,"1536x1536":false,"2048x2048":false,"woocommerce_thumbnail":false,"woocommerce_single":false,"woocommerce_gallery_thumbnail":false},"uagb_author_info":{"display_name":"admin","author_link":"https:\/\/apperoloil.com\/hr\/author\/admin\/"},"uagb_comment_info":0,"uagb_excerpt":"Ova Pravila o kola\u010di\u0107ima obja\u0161njavaju kako Apperol (&#8220;mi&#8221;, &#8220;na\u0161&#8221;, &#8220;nas&#8221;) koristi kola\u010di\u0107e i sli\u010dne tehnologije na na\u0161oj web stranici https:\/\/apperoloil.com\/ . Nastavkom pregledavanja ili kori\u0161tenja na\u0161e web stranice pristajete na na\u0161u upotrebu kola\u010di\u0107a kako je opisano u ovim pravilima. 1. \u0160to su kola\u010di\u0107i? Kola\u010di\u0107i su male tekstualne datoteke koje se pohranjuju na va\u0161 ure\u0111aj (ra\u010dunalo,&hellip;","_links":{"self":[{"href":"https:\/\/apperoloil.com\/hr\/wp-json\/wp\/v2\/pages\/2797","targetHints":{"allow":["GET"]}}],"collection":[{"href":"https:\/\/apperoloil.com\/hr\/wp-json\/wp\/v2\/pages"}],"about":[{"href":"https:\/\/apperoloil.com\/hr\/wp-json\/wp\/v2\/types\/page"}],"author":[{"embeddable":true,"href":"https:\/\/apperoloil.com\/hr\/wp-json\/wp\/v2\/users\/1"}],"replies":[{"embeddable":true,"href":"https:\/\/apperoloil.com\/hr\/wp-json\/wp\/v2\/comments?post=2797"}],"version-history":[{"count":10,"href":"https:\/\/apperoloil.com\/hr\/wp-json\/wp\/v2\/pages\/2797\/revisions"}],"predecessor-version":[{"id":2839,"href":"https:\/\/apperoloil.com\/hr\/wp-json\/wp\/v2\/pages\/2797\/revisions\/2839"}],"wp:attachment":[{"href":"https:\/\/apperoloil.com\/hr\/wp-json\/wp\/v2\/media?parent=2797"}],"curies":[{"name":"wp","href":"https:\/\/api.w.org\/{rel}","templated":true}]}}