{"id":2766,"date":"2024-08-29T05:21:06","date_gmt":"2024-08-29T05:21:06","guid":{"rendered":"https:\/\/apperoloil.com\/product\/apperoil-abstract-777-aditiv-za-benzin\/"},"modified":"2024-10-04T06:29:25","modified_gmt":"2024-10-04T06:29:25","slug":"apperoil-abstract-777-aditiv-za-benzin","status":"publish","type":"product","link":"https:\/\/apperoloil.com\/hr\/product\/apperoil-abstract-777-aditiv-za-benzin\/","title":{"rendered":"Apperoil Abstract 777 aditiv za benzin"},"content":{"rendered":"<p><strong>APPEROIL aditiv za benzin \u2013 za optimalnu u\u010dinkovitost motora.<br \/>\n<\/strong><span style=\"font-size: 16px;\">Abstract 777 je aditiv za benzinske motore koji \u010disti cijeli sustav od ulaza goriva do ispuha. To osigurava bolji i u\u010dinkovitiji rad motora u tren oka, kao i dulji radni vijek va\u0161eg benzinskog motora. <\/span><\/p>\n<p><strong style=\"font-size: 16px;\">\u010ci\u0161\u0107enje sustava goriva.<\/strong><span style=\"font-size: 16px;\"><br \/>\nAditiv prima deterd\u017eente koji otapaju naslage i ne\u010disto\u0107e u vodovima goriva, mlaznicama i ventilima. Ovo pobolj\u0161ava protok goriva i obrazac prskanja mlaznica. <\/span><\/p>\n<p><strong style=\"font-size: 16px;\">Pobolj\u0161ano sagorijevanje.<\/strong><span style=\"font-size: 16px;\"><br \/>\nDodavanjem aditiva benzinu mo\u017ee se optimizirati izgaranje u motoru. To mo\u017ee dovesti do pobolj\u0161anih performansi, glatkijeg praznog hoda, pove\u0107anog ubrzanja i bolje u\u010dinkovitosti goriva. <\/span><\/p>\n<p><strong style=\"font-size: 16px;\">Za\u0161tita od korozije.<\/strong><span style=\"font-size: 16px;\"><br \/>\nSvojstva protiv korozije poma\u017eu u za\u0161titi metalnih dijelova sustava goriva od hr\u0111e i korozije. Ovo je osobito va\u017eno jer vlaga i kemijske reakcije mogu o\u0161tetiti motor. <\/span><\/p>\n<p><strong style=\"font-size: 16px;\">Za\u0161tita od naslaga.<\/strong><span style=\"font-size: 16px;\"><br \/>\nAditiv za benzin mo\u017ee sprije\u010diti stvaranje naslaga u komori za izgaranje, usisnim ventilima i sustavu ubrizgavanja. Naslage mogu utjecati na performanse, pove\u0107ati potro\u0161nju goriva i dovesti do o\u0161te\u0107enja motora. <\/span><\/p>\n<p><strong style=\"font-size: 16px;\">Podmazivanje.<\/strong><span style=\"font-size: 16px;\"><br \/>\nNa\u0161 aditiv za benzin ima svojstva podmazivanja koja poma\u017eu smanjiti trenje izme\u0111u pokretnih dijelova motora. To mo\u017ee smanjiti tro\u0161enje i produljiti vijek trajanja motora. <\/span><\/p>\n<p><strong style=\"font-size: 16px;\">Primjena i doziranje:<\/strong><span style=\"font-size: 16px;\"><br \/>\nPrije punjenja spremnika dodati odgovaraju\u0107u koli\u010dinu aditiva. 200 ml dovoljno je za spremnik goriva od 10-60 litara. Zahvaljuju\u0107i dolijevanju goriva, aditiv za benzin se mije\u0161a s gorivom i osigurava optimalno u\u010dinkovit rad motora.<\/span><\/p>\n","protected":false},"excerpt":{"rendered":"<p id=\"title\" class=\"a-size-large a-spacing-none\"><strong><span id=\"productTitle\" class=\"a-size-large product-title-word-break\">Aditiv za benzinski motor \u010cista\u010d sustava Aditiv za gorivo za benzinske motore, \u010disti i podmazuje \u2013 za optimalne performanse motora.<\/span><\/strong><\/p>\n<ul class=\"a-unordered-list a-vertical a-spacing-mini\">\n<li class=\"a-spacing-mini\"><span class=\"a-list-item\"><strong>Njega motora:<\/strong> Abstract 777 je aditiv za benzinske motore, koji \u010disti cijeli sustav od ulaza goriva do ispuha. To osigurava bolji i u\u010dinkovitiji rad motora kao i du\u017ei \u017eivotni vijek u tren oka. <\/span><\/li>\n<li class=\"a-spacing-mini\"><span class=\"a-list-item\"><strong>Visoka kvaliteta:<\/strong> njema\u010dke sirovine, u kombinaciji s ameri\u010dkom tehnologijom i slovenskom proizvodnjom, to je na\u0161 klju\u010d za izvrsnost<\/span><\/li>\n<li class=\"a-spacing-mini\"><span class=\"a-list-item\">\u010ci\u0161\u0107enje motora: aditiv uklanja naslage i ne\u010disto\u0107e u cijevima goriva, mlaznicama i ventilima. Ovo pobolj\u0161ava protok goriva i uzorak prskanja mlaznica, \u0161to rezultira u\u010dinkovitijim izgaranjem. <\/span><\/li>\n<li class=\"a-spacing-mini\"><span class=\"a-list-item\"><strong>Optimizirani rad:<\/strong> dodavanjem aditiva benzinu mo\u017ee se optimizirati izgaranje u motoru. To mo\u017ee dovesti do pobolj\u0161anih performansi, glatkijeg praznog hoda, pove\u0107anog ubrzanja i bolje u\u010dinkovitosti goriva. <\/span><\/li>\n<li class=\"a-spacing-mini\"><span class=\"a-list-item\"><strong>Mnoge prednosti:<\/strong> druge prednosti aditiva za benzin su: za\u0161tita od korozije, podmazivanje, za\u0161tita od naslaga, za\u0161tita turbopunja\u010da i motora, optimizacija emisije i potro\u0161nje, \u010dist rad motora.<\/span><\/li>\n<\/ul>\n","protected":false},"featured_media":2732,"comment_status":"open","ping_status":"closed","template":"","meta":{"_uag_custom_page_level_css":"","site-sidebar-layout":"default","site-content-layout":"","ast-site-content-layout":"default","site-content-style":"default","site-sidebar-style":"default","ast-global-header-display":"","ast-banner-title-visibility":"","ast-main-header-display":"","ast-hfb-above-header-display":"","ast-hfb-below-header-display":"","ast-hfb-mobile-header-display":"","site-post-title":"","ast-breadcrumbs-content":"","ast-featured-img":"","footer-sml-layout":"","theme-transparent-header-meta":"default","adv-header-id-meta":"","stick-header-meta":"","header-above-stick-meta":"","header-main-stick-meta":"","header-below-stick-meta":"","astra-migrate-meta-layouts":"set","ast-page-background-enabled":"default","ast-page-background-meta":{"desktop":{"background-color":"var(--ast-global-color-4)","background-image":"","background-repeat":"repeat","background-position":"center center","background-size":"auto","background-attachment":"scroll","background-type":"","background-media":"","overlay-type":"","overlay-color":"","overlay-opacity":"","overlay-gradient":""},"tablet":{"background-color":"","background-image":"","background-repeat":"repeat","background-position":"center center","background-size":"auto","background-attachment":"scroll","background-type":"","background-media":"","overlay-type":"","overlay-color":"","overlay-opacity":"","overlay-gradient":""},"mobile":{"background-color":"","background-image":"","background-repeat":"repeat","background-position":"center center","background-size":"auto","background-attachment":"scroll","background-type":"","background-media":"","overlay-type":"","overlay-color":"","overlay-opacity":"","overlay-gradient":""}},"ast-content-background-meta":{"desktop":{"background-color":"var(--ast-global-color-5)","background-image":"","background-repeat":"repeat","background-position":"center center","background-size":"auto","background-attachment":"scroll","background-type":"","background-media":"","overlay-type":"","overlay-color":"","overlay-opacity":"","overlay-gradient":""},"tablet":{"background-color":"var(--ast-global-color-5)","background-image":"","background-repeat":"repeat","background-position":"center center","background-size":"auto","background-attachment":"scroll","background-type":"","background-media":"","overlay-type":"","overlay-color":"","overlay-opacity":"","overlay-gradient":""},"mobile":{"background-color":"var(--ast-global-color-5)","background-image":"","background-repeat":"repeat","background-position":"center center","background-size":"auto","background-attachment":"scroll","background-type":"","background-media":"","overlay-type":"","overlay-color":"","overlay-opacity":"","overlay-gradient":""}}},"product_cat":[40],"product_tag":[],"class_list":{"0":"post-2766","1":"product","2":"type-product","3":"status-publish","4":"has-post-thumbnail","6":"product_cat-dodaci","7":"desktop-align-left","8":"tablet-align-left","9":"mobile-align-left","11":"first","12":"instock","13":"sale","14":"shipping-taxable","15":"purchasable","16":"product-type-simple"},"uagb_featured_image_src":{"full":["https:\/\/apperoloil.com\/wp-content\/uploads\/2024\/08\/DSC07345-1.jpg",2211,2211,false],"thumbnail":["https:\/\/apperoloil.com\/wp-content\/uploads\/2024\/08\/DSC07345-1-150x150.jpg",150,150,true],"medium":["https:\/\/apperoloil.com\/wp-content\/uploads\/2024\/08\/DSC07345-1-300x300.jpg",300,300,true],"medium_large":["https:\/\/apperoloil.com\/wp-content\/uploads\/2024\/08\/DSC07345-1-768x768.jpg",768,768,true],"large":["https:\/\/apperoloil.com\/wp-content\/uploads\/2024\/08\/DSC07345-1-1024x1024.jpg",1024,1024,true],"1536x1536":["https:\/\/apperoloil.com\/wp-content\/uploads\/2024\/08\/DSC07345-1-1536x1536.jpg",1536,1536,true],"2048x2048":["https:\/\/apperoloil.com\/wp-content\/uploads\/2024\/08\/DSC07345-1-2048x2048.jpg",2048,2048,true],"woocommerce_thumbnail":["https:\/\/apperoloil.com\/wp-content\/uploads\/2024\/08\/DSC07345-1-1200x1200.jpg",1200,1200,true],"woocommerce_single":["https:\/\/apperoloil.com\/wp-content\/uploads\/2024\/08\/DSC07345-1.jpg",2211,2211,false],"woocommerce_gallery_thumbnail":["https:\/\/apperoloil.com\/wp-content\/uploads\/2024\/08\/DSC07345-1-100x100.jpg",100,100,true]},"uagb_author_info":{"display_name":"admin","author_link":"https:\/\/apperoloil.com\/hr\/author\/"},"uagb_comment_info":0,"uagb_excerpt":"Aditiv za benzinski motor \u010cista\u010d sustava Aditiv za gorivo za benzinske motore, \u010disti i podmazuje \u2013 za optimalne performanse motora. Njega motora: Abstract 777 je aditiv za benzinske motore, koji \u010disti cijeli sustav od ulaza goriva do ispuha. To osigurava bolji i u\u010dinkovitiji rad motora kao i du\u017ei \u017eivotni vijek u tren oka. Visoka kvaliteta:&hellip;","_links":{"self":[{"href":"https:\/\/apperoloil.com\/hr\/wp-json\/wp\/v2\/product\/2766","targetHints":{"allow":["GET"]}}],"collection":[{"href":"https:\/\/apperoloil.com\/hr\/wp-json\/wp\/v2\/product"}],"about":[{"href":"https:\/\/apperoloil.com\/hr\/wp-json\/wp\/v2\/types\/product"}],"replies":[{"embeddable":true,"href":"https:\/\/apperoloil.com\/hr\/wp-json\/wp\/v2\/comments?post=2766"}],"wp:featuredmedia":[{"embeddable":true,"href":"https:\/\/apperoloil.com\/hr\/wp-json\/wp\/v2\/media\/2732"}],"wp:attachment":[{"href":"https:\/\/apperoloil.com\/hr\/wp-json\/wp\/v2\/media?parent=2766"}],"wp:term":[{"taxonomy":"product_cat","embeddable":true,"href":"https:\/\/apperoloil.com\/hr\/wp-json\/wp\/v2\/product_cat?post=2766"},{"taxonomy":"product_tag","embeddable":true,"href":"https:\/\/apperoloil.com\/hr\/wp-json\/wp\/v2\/product_tag?post=2766"}],"curies":[{"name":"wp","href":"https:\/\/api.w.org\/{rel}","templated":true}]}}