{"id":2885,"date":"2024-08-29T05:21:06","date_gmt":"2024-08-29T05:21:06","guid":{"rendered":"https:\/\/apperoloil.com\/product\/apperoil-motor-woop-77-aditiv-za-motorno-ulje\/"},"modified":"2024-10-04T06:32:31","modified_gmt":"2024-10-04T06:32:31","slug":"apperoil-motor-woop-77-aditiv-za-motorno-ulje","status":"publish","type":"product","link":"https:\/\/apperoloil.com\/hr\/product\/apperoil-motor-woop-77-aditiv-za-motorno-ulje\/","title":{"rendered":"Apperoil Motor Woop 77 aditiv za motorno ulje"},"content":{"rendered":"<p><strong>APPEROIL aditiv motornom ulju \u2013 za dug radni vijek.<\/strong><br \/>\nAditiv motornom ulju Wopp 77 omogu\u0107uje zna\u010dajno pobolj\u0161anje za\u0161tite od tro\u0161enja tijekom cijelog \u017eivotnog vijeka motora. Prikladno za benzinske i dizel motore.<\/p>\n<p><strong>Za\u0161tita od tro\u0161enja i habanja.<\/strong><br \/>\nNa\u0161i aditivi za motorna ulja sadr\u017ee sredstva za za\u0161titu od tro\u0161enja koja smanjuju kontakt metala i metala i tro\u0161enje pokretnih dijelova u motoru. Time se produljuje \u017eivotni vijek motora. Engine Woop 77 stvara tanak film na bazi ulja na svim zauljenim dijelovima motora i sprje\u010dava zaglavljivanje. To osigurava dugotrajno podmazivanje \u010dak i pri vi\u0161im temperaturama do 210\u00b0C kada ulje vrije.<\/p>\n<p><strong>\u010ci\u0161\u0107enje dijelova motora.<\/strong><br \/>\nAditivi mogu otopiti i ukloniti naslage i ne\u010disto\u0107e u motoru. To poma\u017ee u odr\u017eavanju motora \u010distim i smanjuje naslage na klipnim prstenovima, ventilima i drugim kriti\u010dnim komponentama. \u010ci\u0161\u0107e performanse motora mogu dovesti do bolje u\u010dinkovitosti goriva i duljeg vijeka motora.<\/p>\n<p><strong>Pobolj\u0161ana za\u0161tita u ekstremnim uvjetima.<\/strong><br \/>\nU odre\u0111enim situacijama, kao \u0161to su, na primjer, visoke temperature ili hladno\u0107a, aditiv za motorno ulje mo\u017ee oja\u010dati za\u0161titu motora. Poma\u017ee u odr\u017eavanju viskoznosti ulja i osigurava dovoljno podmazivanja.<\/p>\n<p><strong>U\u010dinkovitost goriva.<\/strong><br \/>\nAditiv za motor smanjuje trenje u motoru i time pove\u0107ava u\u010dinkovitost. Smanjenjem trenja gubi se manje energije i mo\u017ee se smanjiti potro\u0161nja goriva.<\/p>\n<p><strong>Primjena i doziranje:<\/strong><br \/>\nAditiv motornom ulju Woop 77 dodajte odmah nakon izmjene motornog ulja, preporu\u010damo kori\u0161tenje jednom godi\u0161nje ili svakih 30.000 prije\u0111enih kilometara. Na taj na\u010din va\u0161 motor je optimalno za\u0161ti\u0107en.<\/p>\n","protected":false},"excerpt":{"rendered":"<p id=\"title\" class=\"a-size-large a-spacing-none\"><strong><span id=\"productTitle\" class=\"a-size-large product-title-word-break\">Za benzinske i dizel motore, aditiv za motorno ulje, aditiv za ulje za za\u0161titu od tro\u0161enja Za\u0161tita motora, sprje\u010dava tro\u0161enje i osigurava dug radni vijek.<\/span><\/strong><\/p>\n<ul class=\"a-unordered-list a-vertical a-spacing-mini\">\n<li class=\"a-spacing-mini\"><span class=\"a-list-item\"><strong>Du\u017ei radni vijek:<\/strong> aditiv motornom ulju Wopp 77 osigurava zna\u010dajno pobolj\u0161anje za\u0161tite od tro\u0161enja i korozije tijekom cijelog vijeka trajanja motora. Prikladno za benzinske i dizel motore. <\/span><\/li>\n<li class=\"a-spacing-mini\"><span class=\"a-list-item\"><strong>Visoka kvaliteta:<\/strong> njema\u010dke sirovine, u kombinaciji s ameri\u010dkom tehnologijom i slovenskom proizvodnjom, to je na\u0161 klju\u010d izvrsne kvalitete. Svojim konceptom jam\u010dimo najvi\u0161u kvalitetu na svim razinama. <\/span><\/li>\n<li class=\"a-spacing-mini\"><span class=\"a-list-item\"><strong>Za\u0161tita od habanja:<\/strong> na\u0161i aditivi za motorna ulja sadr\u017ee agense za za\u0161titu od habanja koji smanjuju kontakt metala i metala i smanjuju tro\u0161enje pokretnih dijelova u motoru. Ovo je posebno va\u017eno u ekstremnim situacijama. <\/span><\/li>\n<li class=\"a-spacing-mini\"><span class=\"a-list-item\"><strong>Vi\u0161e u\u010dinkovitosti:<\/strong> aditiv za motor smanjuje trenje u motoru i time pove\u0107ava u\u010dinkovitost. Smanjenjem trenja gubi se manje energije i mo\u017ee se smanjiti potro\u0161nja goriva. <\/span><\/li>\n<li class=\"a-spacing-mini\"><span class=\"a-list-item\">Podmazivanje: Engine Woop 77 stvara tanki film na bazi ulja na svim zauljenim dijelovima motora i sprje\u010dava zaglavljivanje. To osigurava dugotrajno podmazivanje \u010dak i pri vi\u0161im temperaturama do 210\u00b0C. <\/span><\/li>\n<\/ul>\n","protected":false},"featured_media":2738,"comment_status":"open","ping_status":"closed","template":"","meta":{"_uag_custom_page_level_css":"","site-sidebar-layout":"default","site-content-layout":"","ast-site-content-layout":"default","site-content-style":"default","site-sidebar-style":"default","ast-global-header-display":"","ast-banner-title-visibility":"","ast-main-header-display":"","ast-hfb-above-header-display":"","ast-hfb-below-header-display":"","ast-hfb-mobile-header-display":"","site-post-title":"","ast-breadcrumbs-content":"","ast-featured-img":"","footer-sml-layout":"","theme-transparent-header-meta":"default","adv-header-id-meta":"","stick-header-meta":"","header-above-stick-meta":"","header-main-stick-meta":"","header-below-stick-meta":"","astra-migrate-meta-layouts":"set","ast-page-background-enabled":"default","ast-page-background-meta":{"desktop":{"background-color":"var(--ast-global-color-4)","background-image":"","background-repeat":"repeat","background-position":"center center","background-size":"auto","background-attachment":"scroll","background-type":"","background-media":"","overlay-type":"","overlay-color":"","overlay-opacity":"","overlay-gradient":""},"tablet":{"background-color":"","background-image":"","background-repeat":"repeat","background-position":"center center","background-size":"auto","background-attachment":"scroll","background-type":"","background-media":"","overlay-type":"","overlay-color":"","overlay-opacity":"","overlay-gradient":""},"mobile":{"background-color":"","background-image":"","background-repeat":"repeat","background-position":"center center","background-size":"auto","background-attachment":"scroll","background-type":"","background-media":"","overlay-type":"","overlay-color":"","overlay-opacity":"","overlay-gradient":""}},"ast-content-background-meta":{"desktop":{"background-color":"var(--ast-global-color-5)","background-image":"","background-repeat":"repeat","background-position":"center center","background-size":"auto","background-attachment":"scroll","background-type":"","background-media":"","overlay-type":"","overlay-color":"","overlay-opacity":"","overlay-gradient":""},"tablet":{"background-color":"var(--ast-global-color-5)","background-image":"","background-repeat":"repeat","background-position":"center center","background-size":"auto","background-attachment":"scroll","background-type":"","background-media":"","overlay-type":"","overlay-color":"","overlay-opacity":"","overlay-gradient":""},"mobile":{"background-color":"var(--ast-global-color-5)","background-image":"","background-repeat":"repeat","background-position":"center center","background-size":"auto","background-attachment":"scroll","background-type":"","background-media":"","overlay-type":"","overlay-color":"","overlay-opacity":"","overlay-gradient":""}}},"product_cat":[40],"product_tag":[],"class_list":{"0":"post-2885","1":"product","2":"type-product","3":"status-publish","4":"has-post-thumbnail","6":"product_cat-dodaci","7":"desktop-align-left","8":"tablet-align-left","9":"mobile-align-left","11":"first","12":"instock","13":"sale","14":"shipping-taxable","15":"purchasable","16":"product-type-simple"},"uagb_featured_image_src":{"full":["https:\/\/apperoloil.com\/wp-content\/uploads\/2024\/08\/DSC07351.jpg",2211,2211,false],"thumbnail":["https:\/\/apperoloil.com\/wp-content\/uploads\/2024\/08\/DSC07351-150x150.jpg",150,150,true],"medium":["https:\/\/apperoloil.com\/wp-content\/uploads\/2024\/08\/DSC07351-300x300.jpg",300,300,true],"medium_large":["https:\/\/apperoloil.com\/wp-content\/uploads\/2024\/08\/DSC07351-768x768.jpg",768,768,true],"large":["https:\/\/apperoloil.com\/wp-content\/uploads\/2024\/08\/DSC07351-1024x1024.jpg",1024,1024,true],"1536x1536":["https:\/\/apperoloil.com\/wp-content\/uploads\/2024\/08\/DSC07351-1536x1536.jpg",1536,1536,true],"2048x2048":["https:\/\/apperoloil.com\/wp-content\/uploads\/2024\/08\/DSC07351-2048x2048.jpg",2048,2048,true],"woocommerce_thumbnail":["https:\/\/apperoloil.com\/wp-content\/uploads\/2024\/08\/DSC07351-1200x1200.jpg",1200,1200,true],"woocommerce_single":["https:\/\/apperoloil.com\/wp-content\/uploads\/2024\/08\/DSC07351.jpg",2211,2211,false],"woocommerce_gallery_thumbnail":["https:\/\/apperoloil.com\/wp-content\/uploads\/2024\/08\/DSC07351-100x100.jpg",100,100,true]},"uagb_author_info":{"display_name":"admin","author_link":"https:\/\/apperoloil.com\/hr\/author\/"},"uagb_comment_info":0,"uagb_excerpt":"Za benzinske i dizel motore, aditiv za motorno ulje, aditiv za ulje za za\u0161titu od tro\u0161enja Za\u0161tita motora, sprje\u010dava tro\u0161enje i osigurava dug radni vijek. Du\u017ei radni vijek: aditiv motornom ulju Wopp 77 osigurava zna\u010dajno pobolj\u0161anje za\u0161tite od tro\u0161enja i korozije tijekom cijelog vijeka trajanja motora. Prikladno za benzinske i dizel motore. Visoka kvaliteta: njema\u010dke&hellip;","_links":{"self":[{"href":"https:\/\/apperoloil.com\/hr\/wp-json\/wp\/v2\/product\/2885","targetHints":{"allow":["GET"]}}],"collection":[{"href":"https:\/\/apperoloil.com\/hr\/wp-json\/wp\/v2\/product"}],"about":[{"href":"https:\/\/apperoloil.com\/hr\/wp-json\/wp\/v2\/types\/product"}],"replies":[{"embeddable":true,"href":"https:\/\/apperoloil.com\/hr\/wp-json\/wp\/v2\/comments?post=2885"}],"wp:featuredmedia":[{"embeddable":true,"href":"https:\/\/apperoloil.com\/hr\/wp-json\/wp\/v2\/media\/2738"}],"wp:attachment":[{"href":"https:\/\/apperoloil.com\/hr\/wp-json\/wp\/v2\/media?parent=2885"}],"wp:term":[{"taxonomy":"product_cat","embeddable":true,"href":"https:\/\/apperoloil.com\/hr\/wp-json\/wp\/v2\/product_cat?post=2885"},{"taxonomy":"product_tag","embeddable":true,"href":"https:\/\/apperoloil.com\/hr\/wp-json\/wp\/v2\/product_tag?post=2885"}],"curies":[{"name":"wp","href":"https:\/\/api.w.org\/{rel}","templated":true}]}}